{"id":7106,"date":"2023-08-07T12:27:07","date_gmt":"2023-08-07T17:27:07","guid":{"rendered":"https:\/\/jazmingonzalez.pe\/collections\/fabula\/"},"modified":"2024-06-07T13:47:24","modified_gmt":"2024-06-07T18:47:24","slug":"fabula","status":"publish","type":"page","link":"https:\/\/jazmingonzalez.pe\/en\/collections\/fabula\/","title":{"rendered":"F\u00e1bula"},"content":{"rendered":"<p><span style=\"font-weight: 400;\">A caterpillar lived in a huge fuchsia flower, she admired her petals in the rays of the sun because they illuminated the forest; and when night fell, it maintained its splendor in the light of the moon. Therefore she only accompanied her and fed on other leaves in the forest.<\/span><\/p>\n<p><span style=\"font-weight: 400;\">One morning the fuchsia flower told the caterpillar: \"When there is no rain, my petals dry up and are blown away by the wind. Everything you see now lasts very little, but in turn, my dry petals are used by birds to build their nests, that's why I feel happy either with my petals or without them. I appreciate your admiration, we are all beautiful, you are beautiful, you just have to look inside, therein lies what makes us unique and special.\"<\/span><\/p>\n<p><span style=\"font-weight: 400;\">The caterpillar did not understand the way of thinking and the attitude of the flower, since what made it unique was its huge petals, even being the only fuchsia flower in the forest.<\/span><\/p>\n<p><span style=\"font-weight: 400;\">One night, the caterpillar began to feel strange and saw how it was closing itself in a kind of cocoon, it felt afraid and asked for help, the forest flowers did not know how to help it.<\/span><\/p>\n<p><span style=\"font-weight: 400;\">In the dark, she kept calm, closed her eyes, recorded the words of the fuchsia flower, and began to feel how it was transforming.<\/span><\/p>\n<p><span style=\"font-weight: 400;\">A few days later, it came out of its cocoon and showed its large golden and lilac wings, it had become a butterfly; however, beyond how she looked, something in her had really changed, and it was there that she got the message:<\/span><\/p>\n<p><span style=\"font-weight: 400;\">\"It is the interior and the love with which we see ourselves, what builds the exterior and all our actions towards the rest.\"<\/span><\/p>\n<p><span style=\"font-weight: 400;\">The fuchsia flower was visited every day by the butterfly, she would always remember the beautiful symbiosis that lived in her friend the caterpillar.<\/span><\/p>\n\n\t\t<style type=\"text\/css\">\n\t\t\t#gallery-1 {\n\t\t\t\tmargin: auto;\n\t\t\t}\n\t\t\t#gallery-1 .gallery-item {\n\t\t\t\tfloat: left;\n\t\t\t\tmargin-top: 10px;\n\t\t\t\ttext-align: center;\n\t\t\t\twidth: 50%;\n\t\t\t}\n\t\t\t#gallery-1 img {\n\t\t\t\tborder: 2px solid #cfcfcf;\n\t\t\t}\n\t\t\t#gallery-1 .gallery-caption {\n\t\t\t\tmargin-left: 0;\n\t\t\t}\n\t\t\t\/* see gallery_shortcode() in wp-includes\/media.php *\/\n\t\t<\/style>\n\t\t<div id='gallery-1' class='gallery galleryid-7106 gallery-columns-2 gallery-size-medium'><dl class='gallery-item'>\n\t\t\t<dt class='gallery-icon landscape'>\n\t\t\t\t<img loading=\"lazy\" decoding=\"async\" width=\"300\" height=\"222\" src=\"https:\/\/media.jazmingonzalez.pe\/uploads\/2023\/08\/fabula-3-300x222.jpg\" class=\"attachment-medium size-medium\" alt=\"Fabula\" srcset=\"https:\/\/media.jazmingonzalez.pe\/uploads\/2023\/08\/fabula-3-300x222.jpg 300w, https:\/\/media.jazmingonzalez.pe\/uploads\/2023\/08\/fabula-3-1024x758.jpg 1024w, https:\/\/media.jazmingonzalez.pe\/uploads\/2023\/08\/fabula-3-768x568.jpg 768w, https:\/\/media.jazmingonzalez.pe\/uploads\/2023\/08\/fabula-3-600x444.jpg 600w, https:\/\/media.jazmingonzalez.pe\/uploads\/2023\/08\/fabula-3.jpg 1280w\" sizes=\"auto, (max-width: 300px) 100vw, 300px\" \/>\n\t\t\t<\/dt><\/dl><dl class='gallery-item'>\n\t\t\t<dt class='gallery-icon landscape'>\n\t\t\t\t<img loading=\"lazy\" decoding=\"async\" width=\"300\" height=\"222\" src=\"https:\/\/media.jazmingonzalez.pe\/uploads\/2023\/08\/fabula-4-300x222.jpg\" class=\"attachment-medium size-medium\" alt=\"Fabula\" srcset=\"https:\/\/media.jazmingonzalez.pe\/uploads\/2023\/08\/fabula-4-300x222.jpg 300w, https:\/\/media.jazmingonzalez.pe\/uploads\/2023\/08\/fabula-4-1024x758.jpg 1024w, https:\/\/media.jazmingonzalez.pe\/uploads\/2023\/08\/fabula-4-768x568.jpg 768w, https:\/\/media.jazmingonzalez.pe\/uploads\/2023\/08\/fabula-4-600x444.jpg 600w, https:\/\/media.jazmingonzalez.pe\/uploads\/2023\/08\/fabula-4.jpg 1280w\" sizes=\"auto, (max-width: 300px) 100vw, 300px\" \/>\n\t\t\t<\/dt><\/dl><br style=\"clear: both\" \/><dl class='gallery-item'>\n\t\t\t<dt class='gallery-icon landscape'>\n\t\t\t\t<img loading=\"lazy\" decoding=\"async\" width=\"300\" height=\"222\" src=\"https:\/\/media.jazmingonzalez.pe\/uploads\/2023\/08\/fabula-5-300x222.jpg\" class=\"attachment-medium size-medium\" alt=\"Fabula\" srcset=\"https:\/\/media.jazmingonzalez.pe\/uploads\/2023\/08\/fabula-5-300x222.jpg 300w, https:\/\/media.jazmingonzalez.pe\/uploads\/2023\/08\/fabula-5-1024x758.jpg 1024w, https:\/\/media.jazmingonzalez.pe\/uploads\/2023\/08\/fabula-5-768x568.jpg 768w, https:\/\/media.jazmingonzalez.pe\/uploads\/2023\/08\/fabula-5-600x444.jpg 600w, https:\/\/media.jazmingonzalez.pe\/uploads\/2023\/08\/fabula-5.jpg 1280w\" sizes=\"auto, (max-width: 300px) 100vw, 300px\" \/>\n\t\t\t<\/dt><\/dl><dl class='gallery-item'>\n\t\t\t<dt class='gallery-icon landscape'>\n\t\t\t\t<img loading=\"lazy\" decoding=\"async\" width=\"300\" height=\"222\" src=\"https:\/\/media.jazmingonzalez.pe\/uploads\/2023\/08\/fabula-6-300x222.jpg\" class=\"attachment-medium size-medium\" alt=\"Fabula\" srcset=\"https:\/\/media.jazmingonzalez.pe\/uploads\/2023\/08\/fabula-6-300x222.jpg 300w, https:\/\/media.jazmingonzalez.pe\/uploads\/2023\/08\/fabula-6-1024x758.jpg 1024w, https:\/\/media.jazmingonzalez.pe\/uploads\/2023\/08\/fabula-6-768x568.jpg 768w, https:\/\/media.jazmingonzalez.pe\/uploads\/2023\/08\/fabula-6-600x444.jpg 600w, https:\/\/media.jazmingonzalez.pe\/uploads\/2023\/08\/fabula-6.jpg 1280w\" sizes=\"auto, (max-width: 300px) 100vw, 300px\" \/>\n\t\t\t<\/dt><\/dl><br style=\"clear: both\" \/>\n\t\t<\/div>\n\n","protected":false},"excerpt":{"rendered":"<p>A caterpillar lived in a huge fuchsia flower, she admired her petals in the rays of the sun because they illuminated the forest; and when night fell, it maintained its splendor in the light of the moon. Therefore she only accompanied her and fed on other leaves in the forest. One morning the fuchsia flower [&hellip;]<\/p>\n","protected":false},"author":1,"featured_media":6898,"parent":2006,"menu_order":0,"comment_status":"closed","ping_status":"closed","template":"","meta":{"_acf_changed":false,"slim_seo":{"title":"F\u00e1bula - Jazm\u00edn Gonz\u00e1lez","description":"A caterpillar lived in a huge fuchsia flower, she admired her petals in the rays of the sun because they illuminated the forest; and when night fell, it maintai"},"footnotes":""},"hf_cat_page":[302],"class_list":["post-7106","page","type-page","status-publish","has-post-thumbnail","hentry"],"acf":[],"_links":{"self":[{"href":"https:\/\/jazmingonzalez.pe\/en\/wp-json\/wp\/v2\/pages\/7106","targetHints":{"allow":["GET"]}}],"collection":[{"href":"https:\/\/jazmingonzalez.pe\/en\/wp-json\/wp\/v2\/pages"}],"about":[{"href":"https:\/\/jazmingonzalez.pe\/en\/wp-json\/wp\/v2\/types\/page"}],"author":[{"embeddable":true,"href":"https:\/\/jazmingonzalez.pe\/en\/wp-json\/wp\/v2\/users\/1"}],"replies":[{"embeddable":true,"href":"https:\/\/jazmingonzalez.pe\/en\/wp-json\/wp\/v2\/comments?post=7106"}],"version-history":[{"count":3,"href":"https:\/\/jazmingonzalez.pe\/en\/wp-json\/wp\/v2\/pages\/7106\/revisions"}],"predecessor-version":[{"id":8646,"href":"https:\/\/jazmingonzalez.pe\/en\/wp-json\/wp\/v2\/pages\/7106\/revisions\/8646"}],"up":[{"embeddable":true,"href":"https:\/\/jazmingonzalez.pe\/en\/wp-json\/wp\/v2\/pages\/2006"}],"wp:featuredmedia":[{"embeddable":true,"href":"https:\/\/jazmingonzalez.pe\/en\/wp-json\/wp\/v2\/media\/6898"}],"wp:attachment":[{"href":"https:\/\/jazmingonzalez.pe\/en\/wp-json\/wp\/v2\/media?parent=7106"}],"wp:term":[{"taxonomy":"hf_cat_page","embeddable":true,"href":"https:\/\/jazmingonzalez.pe\/en\/wp-json\/wp\/v2\/hf_cat_page?post=7106"}],"curies":[{"name":"wp","href":"https:\/\/api.w.org\/{rel}","templated":true}]}}