{"id":4620,"date":"2022-07-21T15:58:25","date_gmt":"2022-07-21T20:58:25","guid":{"rendered":"https:\/\/jgst.carnaval.space\/mix-match\/"},"modified":"2025-10-23T22:24:33","modified_gmt":"2025-10-24T03:24:33","slug":"mix-match","status":"publish","type":"page","link":"https:\/\/jazmingonzalez.pe\/en\/mix-match\/","title":{"rendered":"Mix &#038; Match"},"content":{"rendered":"","protected":false},"excerpt":{"rendered":"","protected":false},"author":1,"featured_media":0,"parent":0,"menu_order":0,"comment_status":"closed","ping_status":"closed","template":"","meta":{"_acf_changed":false,"slim_seo":{"title":"JG Mix & Match Call ! - Jazm\u00edn Gonz\u00e1lez","description":"Selecciona tus piezas favoritas y arma la combinaci\u00f3n perfecta."},"footnotes":""},"hf_cat_page":[254],"class_list":["post-4620","page","type-page","status-publish","hentry"],"acf":[],"_links":{"self":[{"href":"https:\/\/jazmingonzalez.pe\/en\/wp-json\/wp\/v2\/pages\/4620","targetHints":{"allow":["GET"]}}],"collection":[{"href":"https:\/\/jazmingonzalez.pe\/en\/wp-json\/wp\/v2\/pages"}],"about":[{"href":"https:\/\/jazmingonzalez.pe\/en\/wp-json\/wp\/v2\/types\/page"}],"author":[{"embeddable":true,"href":"https:\/\/jazmingonzalez.pe\/en\/wp-json\/wp\/v2\/users\/1"}],"replies":[{"embeddable":true,"href":"https:\/\/jazmingonzalez.pe\/en\/wp-json\/wp\/v2\/comments?post=4620"}],"version-history":[{"count":2,"href":"https:\/\/jazmingonzalez.pe\/en\/wp-json\/wp\/v2\/pages\/4620\/revisions"}],"predecessor-version":[{"id":9326,"href":"https:\/\/jazmingonzalez.pe\/en\/wp-json\/wp\/v2\/pages\/4620\/revisions\/9326"}],"wp:attachment":[{"href":"https:\/\/jazmingonzalez.pe\/en\/wp-json\/wp\/v2\/media?parent=4620"}],"wp:term":[{"taxonomy":"hf_cat_page","embeddable":true,"href":"https:\/\/jazmingonzalez.pe\/en\/wp-json\/wp\/v2\/hf_cat_page?post=4620"}],"curies":[{"name":"wp","href":"https:\/\/api.w.org\/{rel}","templated":true}]}}