{"id":2059,"date":"2021-06-04T13:43:40","date_gmt":"2021-06-04T18:43:40","guid":{"rendered":"https:\/\/jgst.carnaval.space\/inicio\/"},"modified":"2026-03-06T20:58:56","modified_gmt":"2026-03-07T01:58:56","slug":"inicio","status":"publish","type":"page","link":"https:\/\/jazmingonzalez.pe\/en\/","title":{"rendered":"Home"},"content":{"rendered":"<p>&nbsp;<\/p>\n<p><iframe style=\"display: none;\"><\/iframe><\/p>\n<p><iframe style=\"display: none;\"><\/iframe><\/p>\n","protected":false},"excerpt":{"rendered":"<p>&nbsp;<\/p>\n","protected":false},"author":1,"featured_media":0,"parent":0,"menu_order":0,"comment_status":"closed","ping_status":"closed","template":"","meta":{"_acf_changed":false,"slim_seo":{"title":"Jazm\u00edn Gonz\u00e1lez - Designer shoes and accessories","description":"We are Jazm\u00edn Gonz\u00e1lez, a Peruvian brand dedicated to the design of shoes and accessories. Our pieces mix art, style and functionality."},"footnotes":""},"hf_cat_page":[],"class_list":["post-2059","page","type-page","status-publish","hentry"],"acf":[],"_links":{"self":[{"href":"https:\/\/jazmingonzalez.pe\/en\/wp-json\/wp\/v2\/pages\/2059","targetHints":{"allow":["GET"]}}],"collection":[{"href":"https:\/\/jazmingonzalez.pe\/en\/wp-json\/wp\/v2\/pages"}],"about":[{"href":"https:\/\/jazmingonzalez.pe\/en\/wp-json\/wp\/v2\/types\/page"}],"author":[{"embeddable":true,"href":"https:\/\/jazmingonzalez.pe\/en\/wp-json\/wp\/v2\/users\/1"}],"replies":[{"embeddable":true,"href":"https:\/\/jazmingonzalez.pe\/en\/wp-json\/wp\/v2\/comments?post=2059"}],"version-history":[{"count":5,"href":"https:\/\/jazmingonzalez.pe\/en\/wp-json\/wp\/v2\/pages\/2059\/revisions"}],"predecessor-version":[{"id":11870,"href":"https:\/\/jazmingonzalez.pe\/en\/wp-json\/wp\/v2\/pages\/2059\/revisions\/11870"}],"wp:attachment":[{"href":"https:\/\/jazmingonzalez.pe\/en\/wp-json\/wp\/v2\/media?parent=2059"}],"wp:term":[{"taxonomy":"hf_cat_page","embeddable":true,"href":"https:\/\/jazmingonzalez.pe\/en\/wp-json\/wp\/v2\/hf_cat_page?post=2059"}],"curies":[{"name":"wp","href":"https:\/\/api.w.org\/{rel}","templated":true}]}}